{"id":470371,"date":"2024-04-29T10:47:36","date_gmt":"2024-04-29T08:47:36","guid":{"rendered":"https:\/\/www.autofire.fr\/produit\/banda-extintora-stickerpro1-proteccion-de-cuadros-electricos\/"},"modified":"2024-04-29T10:47:36","modified_gmt":"2024-04-29T08:47:36","slug":"banda-extintora-stickerpro1-proteccion-de-cuadros-electricos","status":"publish","type":"product","link":"https:\/\/www.autofire.fr\/es\/produit\/banda-extintora-stickerpro1-proteccion-de-cuadros-electricos\/","title":{"rendered":"Banda extintora STICKERPRO1 &#8211; protecci\u00f3n de cuadros el\u00e9ctricos"},"content":{"rendered":"<p>Descubre la cinta extintora STICKERPRO1, una aut\u00e9ntica revoluci\u00f3n en la protecci\u00f3n contra incendios. Dise\u00f1ado para anticipar y neutralizar el riesgo de incendio, nuestro producto ofrece una tranquilidad inigualable, incluso cuando est\u00e1s fuera. Gracias a su tecnolog\u00eda de vanguardia, esta banda detecta autom\u00e1ticamente los primeros signos de incendio y act\u00faa al instante para extinguir cualquier amenaza, garantizando la total seguridad de tus instalaciones.  <\/p>\n<p>Nuestro adhesivo de extintor es incre\u00edblemente f\u00e1cil de instalar. Con una tira adhesiva de doble cara y dos ojales adicionales para una fijaci\u00f3n segura, se adapta perfectamente a cualquier entorno, desde barcos y cuadros el\u00e9ctricos hasta veh\u00edculos de ocio y autocaravanas. <\/p>\n<h2>V\u00cdDEO DE DEMOSTRACI\u00d3N DE LA CINTA ADHESIVA PARA EXTINTORES STICKERPRO1:<\/h2>\n<div class=\"entry-content-asset videofit\"><iframe title=\": Le meilleur extincteur pour compteur \u00e9lectrique : STICKER PRO, petit, efficace et \u00e9conomique\" width=\"720\" height=\"405\" src=\"https:\/\/www.youtube.com\/embed\/uBgQego6GF0?feature=oembed\" frameborder=\"0\" allow=\"accelerometer; autoplay; clipboard-write; encrypted-media; gyroscope; picture-in-picture; web-share\" referrerpolicy=\"strict-origin-when-cross-origin\" allowfullscreen><\/iframe><\/div>\n<p>En Auto Fire Fighting, nos comprometemos a hacer que la seguridad contra incendios sea accesible para todos. Por eso nuestra Barra Extintora combina eficacia y facilidad de uso, eliminando la preocupaci\u00f3n por el fuego. Dise\u00f1ada para proteger tus bienes m\u00e1s preciados, garantiza la conservaci\u00f3n de tus recuerdos y asegura la continuidad de tus actividades en cualquier circunstancia.  <\/p>\n<h1><b>DESCUBRE LA CINTA ADHESIVA PARA EXTINTORES STICKERPRO1<\/b><\/h1>\n<p>una aut\u00e9ntica revoluci\u00f3n en la protecci\u00f3n contra incendios. Dise\u00f1ado para anticipar y neutralizar el riesgo de incendio, nuestro producto ofrece una tranquilidad inigualable. Incluso cuando est\u00e1s fuera, est\u00e1s protegido. Gracias a su tecnolog\u00eda de vanguardia, esta banda detecta autom\u00e1ticamente los primeros signos de incendio y act\u00faa al instante para extinguir cualquier amenaza, garantizando que tus instalaciones est\u00e9n completamente seguras.   <\/p>\n<p>Instalar la tira de extintor es desconcertantemente sencillo. Con una tira adhesiva de doble cara y dos ojales adicionales para una fijaci\u00f3n segura, encaja perfectamente en cualquier entorno, desde barcos y cuadros el\u00e9ctricos hasta veh\u00edculos de ocio y autocaravanas. <\/p>\n<p>En Auto Fire Fighting, nos comprometemos a hacer que la seguridad contra incendios sea accesible para todos. Por eso STICKERPRO1 combina eficacia y facilidad de uso, eliminando la preocupaci\u00f3n por los incendios. Protege tus bienes m\u00e1s preciados, conserva tus recuerdos y garantiza la continuidad de tu negocio en cualquier circunstancia.  <\/p>\n<h2>UNA INNOVACI\u00d3N QUE SALVA VIDAS<\/h2>\n<p>Gracias a su composici\u00f3n a base de potasio, nuestra Barra Extintora ofrece una protecci\u00f3n fiable y duradera, sin necesidad de mantenimiento peri\u00f3dico. Adem\u00e1s, tiene una vida \u00fatil de 5 a\u00f1os, lo que la convierte en una inversi\u00f3n a largo plazo en la seguridad de tu hogar o negocio. <\/p>\n<p>El sistema de extinci\u00f3n por aerosol consta de una carcasa, un dispositivo de ignici\u00f3n y un agente en aerosol. Las principales sustancias extintoras son <b>nitrato de estroncio y nitrato <\/b><b>pot\u00e1sico<\/b><b>, una f\u00f3rmula que<\/b><b>se utiliza<\/b><b>desde hace<\/b><b>25<\/b><b>a\u00f1os<\/b>. Los dispositivos Sticker Pro se activan mediante un encendido t\u00e9rmico a 160\u00b0C. <b>El compuesto de potasio neutraliza los radicales de hidr\u00f3geno<\/b>, ox\u00edgeno e hidr\u00f3xido <b>del tri\u00e1ngulo de fuego<\/b>. El agente extintor s\u00f3lido, dispersado en gas, forma un aerosol <b>mucho m\u00e1s eficaz que el polvo ABC <\/b>convencional. El agente extintor se libera durante 3 a 5 segundos, <b>neutraliza todas las llamas y no deja residuos<\/b>.    <\/p>\n<h4>LA F\u00d3RMULA DEL GENERADOR DE AEROSOLES <b>SE UTILIZA DESDE HACE 25 A\u00d1OS<\/b>.<\/h4>\n<p>El aerosol contenido en StickerPro1 procede de la <b>tecnolog\u00eda militar de la antigua Uni\u00f3n Sovi\u00e9tica de los a\u00f1os 60 y 70<\/b>. Las empresas de alta tecnolog\u00eda de Estados Unidos, Italia, Pa\u00edses Bajos, Chipre y Malasia lo utilizan desde 1990. El aerosol de potasio est\u00e1 siendo gradualmente reconocido y apreciado como <b>una alternativa respetuosa con el medio ambiente al gas hal\u00f3n.<\/b><br \/>\n<b>A principios de la d\u00e9cada de 2000<\/b><b>, <\/b>se utiliz\u00f3 en China una nueva combinaci\u00f3n de nitrato de estroncio como oxidante principal y nitrato de potasio como oxidante auxiliar en la f\u00f3rmula del generador de aerosol. <b>Esta f\u00f3rmula aniquila los da\u00f1os secundarios a los equipos electr\u00f3nicos<\/b> al tiempo que proporciona capacidad de extinci\u00f3n de incendios.<\/p>\n<p>Ante todo, consideramos que la seguridad y la tranquilidad de nuestros clientes son nuestra m\u00e1xima prioridad. Por eso nos comprometemos a ofrecer una soluci\u00f3n de protecci\u00f3n contra incendios eficaz, f\u00e1cil de instalar y adecuada para todos los entornos. En otras palabras, el adhesivo extintor Stickerpro1 te permite disfrutar al m\u00e1ximo de cada momento de tu vida, con total seguridad.  <\/p>\n<h3><b>NO DEJES QUE EL FUEGO SIGA AMENAZANDO TU BIENESTAR.<\/b><\/h3>\n<p>Opta por este dispositivo de extinci\u00f3n autom\u00e1tica y reg\u00e1late una protecci\u00f3n incomparable contra las llamas. Protege lo que m\u00e1s importa con stickerpro1. <\/p>\n<p>Pero nuestro compromiso no acaba ah\u00ed. Entendemos que cada espacio tiene sus propias necesidades de seguridad contra incendios. Por eso nuestros extintores adhesivos cumplen los requisitos espec\u00edficos de tu entorno. Tanto si necesitas protecci\u00f3n adicional para tu yate, caravana o rack inform\u00e1tico, Auto Fire Fighting tiene la soluci\u00f3n adecuada para ti.   <\/p>\n<p>Adem\u00e1s de su funci\u00f3n principal de extinci\u00f3n de incendios, nuestra Barra Extintora tambi\u00e9n ofrece tranquilidad gracias a su dise\u00f1o seguro y fiable. Fabricada con materiales de alta calidad y sometida a rigurosas pruebas, garantiza un rendimiento \u00f3ptimo en las situaciones m\u00e1s cr\u00edticas. As\u00ed que puedes estar seguro de que tu espacio est\u00e1 en buenas manos con Autofire.  <\/p>\n<p>Pero eso no es todo. En Auto Fire Fighting tambi\u00e9n estamos comprometidos con la sostenibilidad y la responsabilidad medioambiental. Por eso nuestra barra extintora se fabrica seg\u00fan las normas medioambientales m\u00e1s estrictas, con una huella de carbono m\u00ednima. Para que puedas proteger tu hogar al tiempo que proteges el planeta.   <\/p>\n<p>Al elegir nuestro adhesivo para extintores, est\u00e1s optando por mucho m\u00e1s que un simple dispositivo de protecci\u00f3n contra incendios. Est\u00e1s eligiendo tranquilidad, fiabilidad y un compromiso con un futuro m\u00e1s seguro para ti y los tuyos. En otras palabras, elige bien y deja que nos ocupemos de tu seguridad, est\u00e9s donde est\u00e9s.  <\/p>\n<h4><b>DIMENSIONES Y DETALLES T\u00c9CNICOS<\/b><\/h4>\n<p>Dimensiones en mm: 120x18x10mm<br \/>\nAdecuado para proteger 0,1 m3, por ejemplo, proteger\u00e1 <a href=\"https:\/\/www.leroymerlin.fr\/produits\/electricite-et-domotique\/tableau-electrique-et-disjoncteur\/tableau-electrique\/tableau-electrique-legrand\/tableau-electrique-equipe-et-precable-legrand-drivia-26-modules-71653624.html?storeid=171&amp;at_medium=Sea-Paid&amp;at_campaign=MT-03-ELECTRICITE-PLOMBERIE-PMAX-SHP-BOOST-1P&amp;at_source=google&amp;at_market=M3&amp;at_section=R3&amp;at_campaign_id=20315945754&amp;at_campaign_type=PMAX&amp;at_campaign_sub_type=BOOST&amp;at_account=FIL-ROUGE-SHOPPING&amp;at_account_id=921-620-5076&amp;gad_source=1&amp;gclid=Cj0KCQjwir2xBhC_ARIsAMTXk87tNwgsT_z20lwyUtL-pQFl27wmeeBozUlqexv0VKTq-SaHzsUcq6waApleEALw_wcB&amp;gclsrc=aw.ds\">un cuadro de distribuci\u00f3n est\u00e1ndar de 3 filas de Leroy Merlin.<\/a><br \/>\nSi tu cuadro de distribuci\u00f3n tiene m\u00e1s de 3 filas, lo que suele ser frecuente, s\u00f3lo tienes que a\u00f1adir una banda de extintor.<br \/>\nAs\u00ed que, para estar tranquilo y actuar pronto, cuenta con una tira por cada tres filas.<\/p>\n<p><a href=\"https:\/\/www.autofire.fr\/wp-content\/uploads\/2024\/08\/NOTICE-UTILISATION-ET-INSTALLATION-STICKER-PRO-1.pdf\">Folleto t\u00e9cnico tira extintora<\/a><\/p>\n","protected":false},"excerpt":{"rendered":"<p>Gracias a su composici\u00f3n a base de potasio, STICKERPRO1 ofrece una protecci\u00f3n fiable y duradera que no requiere mantenimiento regular. Con una vida \u00fatil y una garant\u00eda de 5 a\u00f1os, es una inversi\u00f3n a largo plazo en la seguridad de tu hogar o negocio. <\/p>\n<p><strong>Dimensiones: 120 x 18 x 10 mm<\/strong><br \/>\nAdecuado para proteger 0,1 m3, es decir, cualquier cuadro el\u00e9ctrico residencial de 5 filas de Schneider, Hager o Legrand y m\u00e1s.<\/p>\n","protected":false},"featured_media":762815,"template":"","meta":{"_kad_post_transparent":"","_kad_post_title":"","_kad_post_layout":"","_kad_post_sidebar_id":"","_kad_post_content_style":"","_kad_post_vertical_padding":"","_kad_post_feature":"","_kad_post_feature_position":"","_kad_post_header":false,"_kad_post_footer":false,"_kad_post_classname":""},"product_brand":[],"product_cat":[64],"product_tag":[],"class_list":{"0":"post-470371","1":"product","2":"type-product","3":"status-publish","4":"has-post-thumbnail","6":"product_cat-proteccion-del-material-electrico","8":"first","9":"outofstock","10":"taxable","11":"shipping-taxable","12":"purchasable","13":"product-type-simple","14":"entry","15":"content-bg","16":"loop-entry"},"yoast_head":"<!-- This site is optimized with the Yoast SEO plugin v27.5 - https:\/\/yoast.com\/product\/yoast-seo-wordpress\/ -->\n<title>Regleta de extintores - Protecci\u00f3n del cuadro el\u00e9ctrico 24 horas<\/title>\n<meta name=\"description\" content=\"La cinta extintora STICKERPRO1 te protege de los incendios 24 horas al d\u00eda, 7 d\u00edas a la semana. El adhesivo extintor se instala en 30s y proteges 0,1m3.\" \/>\n<meta name=\"robots\" content=\"index, follow, max-snippet:-1, max-image-preview:large, max-video-preview:-1\" \/>\n<link rel=\"canonical\" href=\"https:\/\/www.autofire.fr\/es\/produit\/banda-extintora-stickerpro1-proteccion-de-cuadros-electricos\/\" \/>\n<meta property=\"og:locale\" content=\"es_ES\" \/>\n<meta property=\"og:type\" content=\"article\" \/>\n<meta property=\"og:title\" content=\"Regleta de extintores - Protecci\u00f3n del cuadro el\u00e9ctrico 24 horas\" \/>\n<meta property=\"og:description\" content=\"La cinta extintora STICKERPRO1 te protege de los incendios 24 horas al d\u00eda, 7 d\u00edas a la semana. El adhesivo extintor se instala en 30s y proteges 0,1m3.\" \/>\n<meta property=\"og:url\" content=\"https:\/\/www.autofire.fr\/es\/produit\/banda-extintora-stickerpro1-proteccion-de-cuadros-electricos\/\" \/>\n<meta property=\"og:site_name\" content=\"Auto Fire\" \/>\n<meta property=\"article:publisher\" content=\"https:\/\/www.facebook.com\/profile.php?id=61553642483539\" \/>\n<meta property=\"og:image\" content=\"https:\/\/www.autofire.fr\/wp-content\/uploads\/2024\/04\/Design-sans-titre-23-700px.jpg\" \/>\n\t<meta property=\"og:image:width\" content=\"700\" \/>\n\t<meta property=\"og:image:height\" content=\"700\" \/>\n\t<meta property=\"og:image:type\" content=\"image\/jpeg\" \/>\n<meta name=\"twitter:card\" content=\"summary_large_image\" \/>\n<meta name=\"twitter:label1\" content=\"Tiempo de lectura\" \/>\n\t<meta name=\"twitter:data1\" content=\"5 minutos\" \/>\n<script type=\"application\/ld+json\" class=\"yoast-schema-graph\">{\"@context\":\"https:\\\/\\\/schema.org\",\"@graph\":[{\"@type\":\"WebPage\",\"@id\":\"https:\\\/\\\/www.autofire.fr\\\/es\\\/produit\\\/banda-extintora-stickerpro1-proteccion-de-cuadros-electricos\\\/\",\"url\":\"https:\\\/\\\/www.autofire.fr\\\/es\\\/produit\\\/banda-extintora-stickerpro1-proteccion-de-cuadros-electricos\\\/\",\"name\":\"Regleta de extintores - Protecci\u00f3n del cuadro el\u00e9ctrico 24 horas\",\"isPartOf\":{\"@id\":\"https:\\\/\\\/www.autofire.fr\\\/es\\\/#website\"},\"primaryImageOfPage\":{\"@id\":\"https:\\\/\\\/www.autofire.fr\\\/es\\\/produit\\\/banda-extintora-stickerpro1-proteccion-de-cuadros-electricos\\\/#primaryimage\"},\"image\":{\"@id\":\"https:\\\/\\\/www.autofire.fr\\\/es\\\/produit\\\/banda-extintora-stickerpro1-proteccion-de-cuadros-electricos\\\/#primaryimage\"},\"thumbnailUrl\":\"https:\\\/\\\/www.autofire.fr\\\/wp-content\\\/uploads\\\/2026\\\/01\\\/logo-aeroxsense-11.png\",\"datePublished\":\"2024-04-29T08:47:36+00:00\",\"description\":\"La cinta extintora STICKERPRO1 te protege de los incendios 24 horas al d\u00eda, 7 d\u00edas a la semana. El adhesivo extintor se instala en 30s y proteges 0,1m3.\",\"breadcrumb\":{\"@id\":\"https:\\\/\\\/www.autofire.fr\\\/es\\\/produit\\\/banda-extintora-stickerpro1-proteccion-de-cuadros-electricos\\\/#breadcrumb\"},\"inLanguage\":\"es\",\"potentialAction\":[{\"@type\":\"ReadAction\",\"target\":[\"https:\\\/\\\/www.autofire.fr\\\/es\\\/produit\\\/banda-extintora-stickerpro1-proteccion-de-cuadros-electricos\\\/\"]}]},{\"@type\":\"ImageObject\",\"inLanguage\":\"es\",\"@id\":\"https:\\\/\\\/www.autofire.fr\\\/es\\\/produit\\\/banda-extintora-stickerpro1-proteccion-de-cuadros-electricos\\\/#primaryimage\",\"url\":\"https:\\\/\\\/www.autofire.fr\\\/wp-content\\\/uploads\\\/2026\\\/01\\\/logo-aeroxsense-11.png\",\"contentUrl\":\"https:\\\/\\\/www.autofire.fr\\\/wp-content\\\/uploads\\\/2026\\\/01\\\/logo-aeroxsense-11.png\",\"width\":1000,\"height\":1000,\"caption\":\"barrette extincteur, protection efficace jusqu'\u00e0 100 litres \\\/ 0.1m3\"},{\"@type\":\"BreadcrumbList\",\"@id\":\"https:\\\/\\\/www.autofire.fr\\\/es\\\/produit\\\/banda-extintora-stickerpro1-proteccion-de-cuadros-electricos\\\/#breadcrumb\",\"itemListElement\":[{\"@type\":\"ListItem\",\"position\":1,\"name\":\"Accueil\",\"item\":\"https:\\\/\\\/www.autofire.fr\\\/es\\\/banda-de-extintor\\\/\"},{\"@type\":\"ListItem\",\"position\":2,\"name\":\"Boutique\",\"item\":\"https:\\\/\\\/www.autofire.fr\\\/boutique\\\/\"},{\"@type\":\"ListItem\",\"position\":3,\"name\":\"Banda extintora STICKERPRO1 &#8211; protecci\u00f3n de cuadros el\u00e9ctricos\"}]},{\"@type\":\"WebSite\",\"@id\":\"https:\\\/\\\/www.autofire.fr\\\/es\\\/#website\",\"url\":\"https:\\\/\\\/www.autofire.fr\\\/es\\\/\",\"name\":\"Autofire\",\"description\":\"Un geste simple qui sauve des vies \ud83e\uddd1\u200d\ud83d\ude92\",\"potentialAction\":[{\"@type\":\"SearchAction\",\"target\":{\"@type\":\"EntryPoint\",\"urlTemplate\":\"https:\\\/\\\/www.autofire.fr\\\/es\\\/?s={search_term_string}\"},\"query-input\":{\"@type\":\"PropertyValueSpecification\",\"valueRequired\":true,\"valueName\":\"search_term_string\"}}],\"inLanguage\":\"es\"}]}<\/script>\n<!-- \/ Yoast SEO plugin. -->","yoast_head_json":{"title":"Regleta de extintores - Protecci\u00f3n del cuadro el\u00e9ctrico 24 horas","description":"La cinta extintora STICKERPRO1 te protege de los incendios 24 horas al d\u00eda, 7 d\u00edas a la semana. El adhesivo extintor se instala en 30s y proteges 0,1m3.","robots":{"index":"index","follow":"follow","max-snippet":"max-snippet:-1","max-image-preview":"max-image-preview:large","max-video-preview":"max-video-preview:-1"},"canonical":"https:\/\/www.autofire.fr\/es\/produit\/banda-extintora-stickerpro1-proteccion-de-cuadros-electricos\/","og_locale":"es_ES","og_type":"article","og_title":"Regleta de extintores - Protecci\u00f3n del cuadro el\u00e9ctrico 24 horas","og_description":"La cinta extintora STICKERPRO1 te protege de los incendios 24 horas al d\u00eda, 7 d\u00edas a la semana. El adhesivo extintor se instala en 30s y proteges 0,1m3.","og_url":"https:\/\/www.autofire.fr\/es\/produit\/banda-extintora-stickerpro1-proteccion-de-cuadros-electricos\/","og_site_name":"Auto Fire","article_publisher":"https:\/\/www.facebook.com\/profile.php?id=61553642483539","og_image":[{"width":700,"height":700,"url":"https:\/\/www.autofire.fr\/wp-content\/uploads\/2024\/04\/Design-sans-titre-23-700px.jpg","type":"image\/jpeg"}],"twitter_card":"summary_large_image","twitter_misc":{"Tiempo de lectura":"5 minutos"},"schema":{"@context":"https:\/\/schema.org","@graph":[{"@type":"WebPage","@id":"https:\/\/www.autofire.fr\/es\/produit\/banda-extintora-stickerpro1-proteccion-de-cuadros-electricos\/","url":"https:\/\/www.autofire.fr\/es\/produit\/banda-extintora-stickerpro1-proteccion-de-cuadros-electricos\/","name":"Regleta de extintores - Protecci\u00f3n del cuadro el\u00e9ctrico 24 horas","isPartOf":{"@id":"https:\/\/www.autofire.fr\/es\/#website"},"primaryImageOfPage":{"@id":"https:\/\/www.autofire.fr\/es\/produit\/banda-extintora-stickerpro1-proteccion-de-cuadros-electricos\/#primaryimage"},"image":{"@id":"https:\/\/www.autofire.fr\/es\/produit\/banda-extintora-stickerpro1-proteccion-de-cuadros-electricos\/#primaryimage"},"thumbnailUrl":"https:\/\/www.autofire.fr\/wp-content\/uploads\/2026\/01\/logo-aeroxsense-11.png","datePublished":"2024-04-29T08:47:36+00:00","description":"La cinta extintora STICKERPRO1 te protege de los incendios 24 horas al d\u00eda, 7 d\u00edas a la semana. El adhesivo extintor se instala en 30s y proteges 0,1m3.","breadcrumb":{"@id":"https:\/\/www.autofire.fr\/es\/produit\/banda-extintora-stickerpro1-proteccion-de-cuadros-electricos\/#breadcrumb"},"inLanguage":"es","potentialAction":[{"@type":"ReadAction","target":["https:\/\/www.autofire.fr\/es\/produit\/banda-extintora-stickerpro1-proteccion-de-cuadros-electricos\/"]}]},{"@type":"ImageObject","inLanguage":"es","@id":"https:\/\/www.autofire.fr\/es\/produit\/banda-extintora-stickerpro1-proteccion-de-cuadros-electricos\/#primaryimage","url":"https:\/\/www.autofire.fr\/wp-content\/uploads\/2026\/01\/logo-aeroxsense-11.png","contentUrl":"https:\/\/www.autofire.fr\/wp-content\/uploads\/2026\/01\/logo-aeroxsense-11.png","width":1000,"height":1000,"caption":"barrette extincteur, protection efficace jusqu'\u00e0 100 litres \/ 0.1m3"},{"@type":"BreadcrumbList","@id":"https:\/\/www.autofire.fr\/es\/produit\/banda-extintora-stickerpro1-proteccion-de-cuadros-electricos\/#breadcrumb","itemListElement":[{"@type":"ListItem","position":1,"name":"Accueil","item":"https:\/\/www.autofire.fr\/es\/banda-de-extintor\/"},{"@type":"ListItem","position":2,"name":"Boutique","item":"https:\/\/www.autofire.fr\/boutique\/"},{"@type":"ListItem","position":3,"name":"Banda extintora STICKERPRO1 &#8211; protecci\u00f3n de cuadros el\u00e9ctricos"}]},{"@type":"WebSite","@id":"https:\/\/www.autofire.fr\/es\/#website","url":"https:\/\/www.autofire.fr\/es\/","name":"Autofire","description":"Un geste simple qui sauve des vies \ud83e\uddd1\u200d\ud83d\ude92","potentialAction":[{"@type":"SearchAction","target":{"@type":"EntryPoint","urlTemplate":"https:\/\/www.autofire.fr\/es\/?s={search_term_string}"},"query-input":{"@type":"PropertyValueSpecification","valueRequired":true,"valueName":"search_term_string"}}],"inLanguage":"es"}]}},"_links":{"self":[{"href":"https:\/\/www.autofire.fr\/es\/wp-json\/wp\/v2\/product\/470371","targetHints":{"allow":["GET"]}}],"collection":[{"href":"https:\/\/www.autofire.fr\/es\/wp-json\/wp\/v2\/product"}],"about":[{"href":"https:\/\/www.autofire.fr\/es\/wp-json\/wp\/v2\/types\/product"}],"wp:featuredmedia":[{"embeddable":true,"href":"https:\/\/www.autofire.fr\/es\/wp-json\/wp\/v2\/media\/762815"}],"wp:attachment":[{"href":"https:\/\/www.autofire.fr\/es\/wp-json\/wp\/v2\/media?parent=470371"}],"wp:term":[{"taxonomy":"product_brand","embeddable":true,"href":"https:\/\/www.autofire.fr\/es\/wp-json\/wp\/v2\/product_brand?post=470371"},{"taxonomy":"product_cat","embeddable":true,"href":"https:\/\/www.autofire.fr\/es\/wp-json\/wp\/v2\/product_cat?post=470371"},{"taxonomy":"product_tag","embeddable":true,"href":"https:\/\/www.autofire.fr\/es\/wp-json\/wp\/v2\/product_tag?post=470371"}],"curies":[{"name":"wp","href":"https:\/\/api.w.org\/{rel}","templated":true}]}}