{"id":449328,"date":"2024-11-05T16:34:17","date_gmt":"2024-11-05T14:34:17","guid":{"rendered":"https:\/\/www.autofire.fr\/produit\/extintor-automatico-armario-electrico-stickerpro6\/"},"modified":"2024-11-05T16:34:17","modified_gmt":"2024-11-05T14:34:17","slug":"extintor-automatico-armario-electrico-stickerpro6","status":"publish","type":"product","link":"https:\/\/www.autofire.fr\/es\/produit\/extintor-automatico-armario-electrico-stickerpro6\/","title":{"rendered":"extintor autom\u00e1tico armario el\u00e9ctrico- STICKERPRO6"},"content":{"rendered":"<p><strong>Extintor autom\u00e1tico STICKERPRO6 para armarios el\u00e9ctricos: tu escudo antiincendios inteligente.<\/strong> Gracias a su tecnolog\u00eda de vanguardia, este miniextintor autom\u00e1tico detecta y neutraliza instant\u00e1neamente los primeros signos de incendio en tus armarios el\u00e9ctricos. <strong>F\u00e1cil de instalar <\/strong>como un <a href=\"https:\/\/www.autofire.fr\/produit\/barrette-extincteur-anti-feu-stickerpro1-protection-equipement-electrique\/\">stickerpro1<\/a> <strong>y ultraeficiente,<\/strong> se adapta a todos los entornos, desde barcos a servidores, y protege eficazmente los armarios el\u00e9ctricos. <strong>Duerme tranquilo:<\/strong> STICKERPRO6 vigila tus bienes m\u00e1s preciados, 24 horas al d\u00eda, 7 d\u00edas a la semana. Elige seguridad y tranquilidad. <\/p>\n<p><strong>MINI V\u00cdDEO de la tecnolog\u00eda (nitrato pot\u00e1sico y estroncio) incrustada en el STICKERPRO6 id\u00e9ntico al STICKERPRO1 :  <\/strong><\/p>\n<div class=\"entry-content-asset videofit\"><iframe title=\": Le meilleur extincteur pour compteur \u00e9lectrique : STICKER PRO, petit, efficace et \u00e9conomique\" width=\"720\" height=\"405\" src=\"https:\/\/www.youtube.com\/embed\/uBgQego6GF0?feature=oembed\" frameborder=\"0\" allow=\"accelerometer; autoplay; clipboard-write; encrypted-media; gyroscope; picture-in-picture; web-share\" referrerpolicy=\"strict-origin-when-cross-origin\" allowfullscreen><\/iframe><\/div>\n<p>Gracias <strong>a su tecnolog\u00eda de vanguardia,<\/strong> el extintor autom\u00e1tico para armarios el\u00e9ctricos STICKERPRO6 ofrece una protecci\u00f3n \u00f3ptima para tus instalaciones el\u00e9ctricas. <strong>Al detectar subidas anormales de temperatura,<\/strong> activa autom\u00e1ticamente la extinci\u00f3n, limitando los da\u00f1os en caso de incendio. <strong>F\u00e1cil de instalar y fiable,<\/strong> STICKERPRO6 es la soluci\u00f3n ideal para prevenir riesgos.<\/p>\n<p data-sourcepos=\"5:1-5:87\"><a href=\"https:\/\/www.autofire.fr\/wp-content\/uploads\/2024\/11\/NOTICE-TECHNIQUE-STICKERPRO6-9.pdf\" target=\"_blank\" rel=\"noopener\">Informaci\u00f3n t\u00e9cnica Extintor autom\u00e1tico mini STICKERPRO6 para armarios el\u00e9ctricos<\/a><\/p>\n<p data-sourcepos=\"5:1-5:87\"><strong>StickerPro6: La herencia de la tecnolog\u00eda sovi\u00e9tica al servicio de tu seguridad.<\/strong><\/p>\n<p data-sourcepos=\"7:1-7:438\">Durante m\u00e1s de 25 a\u00f1os, la f\u00f3rmula de nuestro generador de aerosoles, derivada de la tecnolog\u00eda militar sovi\u00e9tica, ha demostrado su eficacia en todo el mundo. Enriquecido con una nueva combinaci\u00f3n de nitratos, ofrece una protecci\u00f3n inigualable contra el fuego, sin da\u00f1ar tus equipos electr\u00f3nicos. <strong>Dise\u00f1ado para armarios el\u00e9ctricos, compartimentos de motores de barcos y mucho m\u00e1s,<\/strong> StickerPro6 es la soluci\u00f3n ideal para una seguridad \u00f3ptima. <\/p>\n<p data-sourcepos=\"11:1-11:60\"><strong>StickerPro6: Protege tu entorno y tu propiedad.<\/strong><\/p>\n<p data-sourcepos=\"13:1-13:362\">Pensando en el medio ambiente y en tu seguridad, hemos desarrollado StickerPro6. Nuestro extintor autom\u00e1tico <strong>ecol\u00f3gico, seguro para equipos electr\u00f3nicos,<\/strong> est\u00e1 fabricado con materiales de alta calidad. <strong>F\u00e1cil de instalar,<\/strong> se adapta a cualquier espacio y te ofrece una protecci\u00f3n fiable contra el fuego. <\/p>\n<p data-sourcepos=\"17:1-17:50\"><strong>StickerPro6: La seguridad contra incendios hecha f\u00e1cil.<\/strong><\/p>\n<p data-sourcepos=\"19:1-19:368\">Olv\u00eddate de los extintores engorrosos y dif\u00edciles de usar. StickerPro6 es la soluci\u00f3n sencilla y eficaz para proteger tu propiedad. <strong>Peque\u00f1o en tama\u00f1o, muy eficaz,<\/strong> se instala en un abrir y cerrar de ojos y te ofrece una protecci\u00f3n \u00f3ptima contra el fuego. <strong>Dise\u00f1ado para profesionales,<\/strong> StickerPro6 es tu aliado diario en materia de seguridad. <\/p>\n","protected":false},"excerpt":{"rendered":"<p>Gracias a su f\u00f3rmula a base de potasio, STICKERPRO6 te da tranquilidad proporcionando una protecci\u00f3n duradera a tu propiedad. Con un mantenimiento m\u00ednimo y una garant\u00eda de 5 a\u00f1os, STICKERPRO6 es un aliado de confianza en la <strong>seguridad de tu negocio<\/strong>. <\/p>\n<p><strong>Dimensiones: <\/strong>\u00d888mm x Grosor 33mm<br \/>\nAdecuado para proteger 0,6m3, es decir, un armario inform\u00e1tico, un armario el\u00e9ctrico, un armario de servidor, un armario de automatizaci\u00f3n o un armario industrial. STICKERPRO6 tambi\u00e9n proteger\u00e1 eficazmente el compartimento del motor de un barco. <\/p>\n","protected":false},"featured_media":762807,"template":"","meta":{"_kad_post_transparent":"","_kad_post_title":"","_kad_post_layout":"","_kad_post_sidebar_id":"","_kad_post_content_style":"","_kad_post_vertical_padding":"","_kad_post_feature":"","_kad_post_feature_position":"","_kad_post_header":false,"_kad_post_footer":false,"_kad_post_classname":""},"product_brand":[],"product_cat":[64],"product_tag":[68,67,66,69,65],"class_list":{"0":"post-449328","1":"product","2":"type-product","3":"status-publish","4":"has-post-thumbnail","6":"product_cat-proteccion-del-material-electrico","7":"product_tag-apagado-automatico","8":"product_tag-armario-electrico","9":"product_tag-extintor","10":"product_tag-extintor-automatico","11":"product_tag-extintor-automatico-armario-electrico","13":"first","14":"instock","15":"taxable","16":"shipping-taxable","17":"purchasable","18":"product-type-simple","19":"entry","20":"content-bg","21":"loop-entry"},"yoast_head":"<!-- This site is optimized with the Yoast SEO plugin v27.5 - https:\/\/yoast.com\/product\/yoast-seo-wordpress\/ -->\n<title>extintor autom\u00e1tico para armario el\u00e9ctrico STICKERPRO6<\/title>\n<meta name=\"description\" content=\"Este extintor autom\u00e1tico STICKERPRO6 para armarios el\u00e9ctricos proporciona protecci\u00f3n contra incendios 24 horas al d\u00eda, 7 d\u00edas a la semana. Protege un armario de hasta 0,6 m3\" \/>\n<meta name=\"robots\" content=\"index, follow, max-snippet:-1, max-image-preview:large, max-video-preview:-1\" \/>\n<link rel=\"canonical\" href=\"https:\/\/www.autofire.fr\/es\/produit\/extintor-automatico-armario-electrico-stickerpro6\/\" \/>\n<meta property=\"og:locale\" content=\"es_ES\" \/>\n<meta property=\"og:type\" content=\"article\" \/>\n<meta property=\"og:title\" content=\"extintor autom\u00e1tico para armario el\u00e9ctrico STICKERPRO6\" \/>\n<meta property=\"og:description\" content=\"Este extintor autom\u00e1tico STICKERPRO6 para armarios el\u00e9ctricos proporciona protecci\u00f3n contra incendios 24 horas al d\u00eda, 7 d\u00edas a la semana. Protege un armario de hasta 0,6 m3\" \/>\n<meta property=\"og:url\" content=\"https:\/\/www.autofire.fr\/es\/produit\/extintor-automatico-armario-electrico-stickerpro6\/\" \/>\n<meta property=\"og:site_name\" content=\"Auto Fire\" \/>\n<meta property=\"article:publisher\" content=\"https:\/\/www.facebook.com\/profile.php?id=61553642483539\" \/>\n<meta property=\"og:image\" content=\"https:\/\/www.autofire.fr\/wp-content\/uploads\/2024\/11\/image-reel-pro6-900px.jpg\" \/>\n\t<meta property=\"og:image:width\" content=\"900\" \/>\n\t<meta property=\"og:image:height\" content=\"900\" \/>\n\t<meta property=\"og:image:type\" content=\"image\/jpeg\" \/>\n<meta name=\"twitter:card\" content=\"summary_large_image\" \/>\n<meta name=\"twitter:label1\" content=\"Tiempo de lectura\" \/>\n\t<meta name=\"twitter:data1\" content=\"2 minutos\" \/>\n<script type=\"application\/ld+json\" class=\"yoast-schema-graph\">{\"@context\":\"https:\\\/\\\/schema.org\",\"@graph\":[{\"@type\":\"WebPage\",\"@id\":\"https:\\\/\\\/www.autofire.fr\\\/es\\\/produit\\\/extintor-automatico-armario-electrico-stickerpro6\\\/\",\"url\":\"https:\\\/\\\/www.autofire.fr\\\/es\\\/produit\\\/extintor-automatico-armario-electrico-stickerpro6\\\/\",\"name\":\"extintor autom\u00e1tico para armario el\u00e9ctrico STICKERPRO6\",\"isPartOf\":{\"@id\":\"https:\\\/\\\/www.autofire.fr\\\/es\\\/#website\"},\"primaryImageOfPage\":{\"@id\":\"https:\\\/\\\/www.autofire.fr\\\/es\\\/produit\\\/extintor-automatico-armario-electrico-stickerpro6\\\/#primaryimage\"},\"image\":{\"@id\":\"https:\\\/\\\/www.autofire.fr\\\/es\\\/produit\\\/extintor-automatico-armario-electrico-stickerpro6\\\/#primaryimage\"},\"thumbnailUrl\":\"https:\\\/\\\/www.autofire.fr\\\/wp-content\\\/uploads\\\/2026\\\/01\\\/logo-aeroxsense-9.png\",\"datePublished\":\"2024-11-05T14:34:17+00:00\",\"description\":\"Este extintor autom\u00e1tico STICKERPRO6 para armarios el\u00e9ctricos proporciona protecci\u00f3n contra incendios 24 horas al d\u00eda, 7 d\u00edas a la semana. Protege un armario de hasta 0,6 m3\",\"breadcrumb\":{\"@id\":\"https:\\\/\\\/www.autofire.fr\\\/es\\\/produit\\\/extintor-automatico-armario-electrico-stickerpro6\\\/#breadcrumb\"},\"inLanguage\":\"es\",\"potentialAction\":[{\"@type\":\"ReadAction\",\"target\":[\"https:\\\/\\\/www.autofire.fr\\\/es\\\/produit\\\/extintor-automatico-armario-electrico-stickerpro6\\\/\"]}]},{\"@type\":\"ImageObject\",\"inLanguage\":\"es\",\"@id\":\"https:\\\/\\\/www.autofire.fr\\\/es\\\/produit\\\/extintor-automatico-armario-electrico-stickerpro6\\\/#primaryimage\",\"url\":\"https:\\\/\\\/www.autofire.fr\\\/wp-content\\\/uploads\\\/2026\\\/01\\\/logo-aeroxsense-9.png\",\"contentUrl\":\"https:\\\/\\\/www.autofire.fr\\\/wp-content\\\/uploads\\\/2026\\\/01\\\/logo-aeroxsense-9.png\",\"width\":1000,\"height\":1000},{\"@type\":\"BreadcrumbList\",\"@id\":\"https:\\\/\\\/www.autofire.fr\\\/es\\\/produit\\\/extintor-automatico-armario-electrico-stickerpro6\\\/#breadcrumb\",\"itemListElement\":[{\"@type\":\"ListItem\",\"position\":1,\"name\":\"Accueil\",\"item\":\"https:\\\/\\\/www.autofire.fr\\\/es\\\/banda-de-extintor\\\/\"},{\"@type\":\"ListItem\",\"position\":2,\"name\":\"Boutique\",\"item\":\"https:\\\/\\\/www.autofire.fr\\\/boutique\\\/\"},{\"@type\":\"ListItem\",\"position\":3,\"name\":\"extintor autom\u00e1tico armario el\u00e9ctrico- STICKERPRO6\"}]},{\"@type\":\"WebSite\",\"@id\":\"https:\\\/\\\/www.autofire.fr\\\/es\\\/#website\",\"url\":\"https:\\\/\\\/www.autofire.fr\\\/es\\\/\",\"name\":\"Autofire\",\"description\":\"Un geste simple qui sauve des vies \ud83e\uddd1\u200d\ud83d\ude92\",\"potentialAction\":[{\"@type\":\"SearchAction\",\"target\":{\"@type\":\"EntryPoint\",\"urlTemplate\":\"https:\\\/\\\/www.autofire.fr\\\/es\\\/?s={search_term_string}\"},\"query-input\":{\"@type\":\"PropertyValueSpecification\",\"valueRequired\":true,\"valueName\":\"search_term_string\"}}],\"inLanguage\":\"es\"}]}<\/script>\n<!-- \/ Yoast SEO plugin. -->","yoast_head_json":{"title":"extintor autom\u00e1tico para armario el\u00e9ctrico STICKERPRO6","description":"Este extintor autom\u00e1tico STICKERPRO6 para armarios el\u00e9ctricos proporciona protecci\u00f3n contra incendios 24 horas al d\u00eda, 7 d\u00edas a la semana. Protege un armario de hasta 0,6 m3","robots":{"index":"index","follow":"follow","max-snippet":"max-snippet:-1","max-image-preview":"max-image-preview:large","max-video-preview":"max-video-preview:-1"},"canonical":"https:\/\/www.autofire.fr\/es\/produit\/extintor-automatico-armario-electrico-stickerpro6\/","og_locale":"es_ES","og_type":"article","og_title":"extintor autom\u00e1tico para armario el\u00e9ctrico STICKERPRO6","og_description":"Este extintor autom\u00e1tico STICKERPRO6 para armarios el\u00e9ctricos proporciona protecci\u00f3n contra incendios 24 horas al d\u00eda, 7 d\u00edas a la semana. Protege un armario de hasta 0,6 m3","og_url":"https:\/\/www.autofire.fr\/es\/produit\/extintor-automatico-armario-electrico-stickerpro6\/","og_site_name":"Auto Fire","article_publisher":"https:\/\/www.facebook.com\/profile.php?id=61553642483539","og_image":[{"width":900,"height":900,"url":"https:\/\/www.autofire.fr\/wp-content\/uploads\/2024\/11\/image-reel-pro6-900px.jpg","type":"image\/jpeg"}],"twitter_card":"summary_large_image","twitter_misc":{"Tiempo de lectura":"2 minutos"},"schema":{"@context":"https:\/\/schema.org","@graph":[{"@type":"WebPage","@id":"https:\/\/www.autofire.fr\/es\/produit\/extintor-automatico-armario-electrico-stickerpro6\/","url":"https:\/\/www.autofire.fr\/es\/produit\/extintor-automatico-armario-electrico-stickerpro6\/","name":"extintor autom\u00e1tico para armario el\u00e9ctrico STICKERPRO6","isPartOf":{"@id":"https:\/\/www.autofire.fr\/es\/#website"},"primaryImageOfPage":{"@id":"https:\/\/www.autofire.fr\/es\/produit\/extintor-automatico-armario-electrico-stickerpro6\/#primaryimage"},"image":{"@id":"https:\/\/www.autofire.fr\/es\/produit\/extintor-automatico-armario-electrico-stickerpro6\/#primaryimage"},"thumbnailUrl":"https:\/\/www.autofire.fr\/wp-content\/uploads\/2026\/01\/logo-aeroxsense-9.png","datePublished":"2024-11-05T14:34:17+00:00","description":"Este extintor autom\u00e1tico STICKERPRO6 para armarios el\u00e9ctricos proporciona protecci\u00f3n contra incendios 24 horas al d\u00eda, 7 d\u00edas a la semana. Protege un armario de hasta 0,6 m3","breadcrumb":{"@id":"https:\/\/www.autofire.fr\/es\/produit\/extintor-automatico-armario-electrico-stickerpro6\/#breadcrumb"},"inLanguage":"es","potentialAction":[{"@type":"ReadAction","target":["https:\/\/www.autofire.fr\/es\/produit\/extintor-automatico-armario-electrico-stickerpro6\/"]}]},{"@type":"ImageObject","inLanguage":"es","@id":"https:\/\/www.autofire.fr\/es\/produit\/extintor-automatico-armario-electrico-stickerpro6\/#primaryimage","url":"https:\/\/www.autofire.fr\/wp-content\/uploads\/2026\/01\/logo-aeroxsense-9.png","contentUrl":"https:\/\/www.autofire.fr\/wp-content\/uploads\/2026\/01\/logo-aeroxsense-9.png","width":1000,"height":1000},{"@type":"BreadcrumbList","@id":"https:\/\/www.autofire.fr\/es\/produit\/extintor-automatico-armario-electrico-stickerpro6\/#breadcrumb","itemListElement":[{"@type":"ListItem","position":1,"name":"Accueil","item":"https:\/\/www.autofire.fr\/es\/banda-de-extintor\/"},{"@type":"ListItem","position":2,"name":"Boutique","item":"https:\/\/www.autofire.fr\/boutique\/"},{"@type":"ListItem","position":3,"name":"extintor autom\u00e1tico armario el\u00e9ctrico- STICKERPRO6"}]},{"@type":"WebSite","@id":"https:\/\/www.autofire.fr\/es\/#website","url":"https:\/\/www.autofire.fr\/es\/","name":"Autofire","description":"Un geste simple qui sauve des vies \ud83e\uddd1\u200d\ud83d\ude92","potentialAction":[{"@type":"SearchAction","target":{"@type":"EntryPoint","urlTemplate":"https:\/\/www.autofire.fr\/es\/?s={search_term_string}"},"query-input":{"@type":"PropertyValueSpecification","valueRequired":true,"valueName":"search_term_string"}}],"inLanguage":"es"}]}},"_links":{"self":[{"href":"https:\/\/www.autofire.fr\/es\/wp-json\/wp\/v2\/product\/449328","targetHints":{"allow":["GET"]}}],"collection":[{"href":"https:\/\/www.autofire.fr\/es\/wp-json\/wp\/v2\/product"}],"about":[{"href":"https:\/\/www.autofire.fr\/es\/wp-json\/wp\/v2\/types\/product"}],"wp:featuredmedia":[{"embeddable":true,"href":"https:\/\/www.autofire.fr\/es\/wp-json\/wp\/v2\/media\/762807"}],"wp:attachment":[{"href":"https:\/\/www.autofire.fr\/es\/wp-json\/wp\/v2\/media?parent=449328"}],"wp:term":[{"taxonomy":"product_brand","embeddable":true,"href":"https:\/\/www.autofire.fr\/es\/wp-json\/wp\/v2\/product_brand?post=449328"},{"taxonomy":"product_cat","embeddable":true,"href":"https:\/\/www.autofire.fr\/es\/wp-json\/wp\/v2\/product_cat?post=449328"},{"taxonomy":"product_tag","embeddable":true,"href":"https:\/\/www.autofire.fr\/es\/wp-json\/wp\/v2\/product_tag?post=449328"}],"curies":[{"name":"wp","href":"https:\/\/api.w.org\/{rel}","templated":true}]}}